{"id":25993020,"date":"2025-08-11T13:02:26","date_gmt":"2025-08-11T12:02:26","guid":{"rendered":"https:\/\/onelifetrips.com\/contactez-nous\/"},"modified":"2026-05-06T00:13:22","modified_gmt":"2026-05-05T23:13:22","slug":"contact","status":"publish","type":"page","link":"https:\/\/onelifetrips.com\/fr\/contact\/","title":{"rendered":"Contactez-nous"},"content":{"rendered":"\n<div class=\"et_pb_section_0 et_pb_section et_section_regular et_block_section section_has_divider et_pb_bottom_divider\"><div class=\"et_pb_row_0 et_pb_row et_block_row\"><div class=\"et_pb_column_0 et_pb_column et_pb_column_4_4 et-last-child et_block_column et_pb_css_mix_blend_mode_passthrough\"><div class=\"et_pb_text_0 et_pb_text et_pb_bg_layout_light et_pb_module et_block_module\"><div class=\"et_pb_text_inner\"><h1 class=\"et_pb_module_header\">Contactez-nous<\/h1>\n<\/div><\/div><\/div><\/div><div class=\"et_pb_bottom_inside_divider et-no-transition\"><\/div><\/div><div class=\"et_pb_section_1 et_pb_section et_section_regular et_block_section\"><div class=\"et_pb_row_1 et_pb_row et_pb_equal_columns et_block_row\"><div class=\"et_pb_column_1 et_pb_column et_pb_column_4_4 et-last-child et_block_column et_pb_css_mix_blend_mode_passthrough\"><div class=\"et_pb_text_1 et_pb_text et_pb_bg_layout_light et_pb_module et_block_module et_pb_text_align_center et_pb_text_align_center-tablet et_pb_text_align_center-phone\"><div class=\"et_pb_text_inner\"><p>Nous serions ravis de vous entendre. Que vous soyez int\u00e9ress\u00e9 par l'une de nos excursions, que vous souhaitiez cr\u00e9er une exp\u00e9rience sur mesure ou que vous ayez besoin de conseils pour organiser votre s\u00e9jour \u00e0 Marrakech ou ailleurs au Maroc, nous sommes l\u00e0 pour vous aider.<\/p>\n<\/div><\/div><div class=\"et_pb_text_2 et_pb_text et_pb_bg_layout_light et_pb_module et_block_module et_pb_text_align_center et_pb_text_align_center-tablet et_pb_text_align_center-phone\"><div class=\"et_pb_text_inner\"><p>Utilisez le formulaire ci-dessous pour nous contacter. Si vous nous contactez pour des demandes commerciales ou des opportunit\u00e9s de partenariat, nous serons ravis d'\u00e9changer avec vous.<\/p>\n<\/div><\/div><\/div><\/div><div class=\"et_pb_row_2 et_pb_row et_block_row\"><div class=\"et_pb_column_2 et_pb_column et_pb_column_4_4 et-last-child et_block_column et_pb_css_mix_blend_mode_passthrough\"><div class=\"et_pb_code_0 et_pb_code et_pb_module\"><div class=\"et_pb_code_inner\"><div class=\"forminator-ui forminator-custom-form forminator-custom-form-25993880 forminator-design--basic  forminator_ajax\" data-forminator-render=\"0\" data-form=\"forminator-module-25993880\" data-uid=\"69ff03859d68f\"><br\/><\/div><form\n\t\t\t\tid=\"forminator-module-25993880\"\n\t\t\t\tclass=\"forminator-ui forminator-custom-form forminator-custom-form-25993880 forminator-design--basic  forminator_ajax\"\n\t\t\t\tmethod=\"post\"\n\t\t\t\tdata-forminator-render=\"0\"\n\t\t\t\tdata-form-id=\"25993880\"\n\t\t\t\t data-color-option=\"theme\" data-design=\"basic\" data-grid=\"open\" style=\"display: none;\"\n\t\t\t\tdata-uid=\"69ff03859d68f\"\n\t\t\t><div role=\"alert\" aria-live=\"polite\" class=\"forminator-response-message forminator-error\" aria-hidden=\"true\"><\/div><div class=\"forminator-row\"><div id=\"name-1\" class=\"forminator-field-name forminator-col forminator-col-12  name-label\"><div class=\"forminator-field\"><label for=\"forminator-field-name-1_69ff03859d68f\" id=\"forminator-field-name-1_69ff03859d68f-label\" class=\"forminator-label\">Nom <span class=\"forminator-required\">*<\/span><\/label><input type=\"text\" name=\"name-1\" value=\"\" placeholder=\"\" id=\"forminator-field-name-1_69ff03859d68f\" class=\"forminator-input forminator-name--field\" aria-required=\"true\" autocomplete=\"name\" \/><\/div><\/div><\/div><div class=\"forminator-row\"><div id=\"email-1\" class=\"forminator-field-email forminator-col forminator-col-12  email-label\"><div class=\"forminator-field\"><label for=\"forminator-field-email-1_69ff03859d68f\" id=\"forminator-field-email-1_69ff03859d68f-label\" class=\"forminator-label\">Adresse Email <span class=\"forminator-required\">*<\/span><\/label><input type=\"email\" name=\"email-1\" value=\"\" placeholder=\"\" id=\"forminator-field-email-1_69ff03859d68f\" class=\"forminator-input forminator-email--field\" data-required=\"1\" aria-required=\"true\" autocomplete=\"email\" \/><\/div><\/div><\/div><div class=\"forminator-row\"><div id=\"select-1\" class=\"forminator-field-select forminator-col forminator-col-12  what-help-label\"><div class=\"forminator-field\"><label for=\"forminator-form-25993880__field--select-1_69ff03859d68f\" id=\"forminator-form-25993880__field--select-1_69ff03859d68f-label\" class=\"forminator-label\">En quoi pouvons-nous vous aider aujourd\u2019hui ? <span class=\"forminator-required\">*<\/span><\/label><select  id=\"forminator-form-25993880__field--select-1_69ff03859d68f\" class=\"forminator-select--field forminator-select2 forminator-select2-multiple\" data-required=\"1\" name=\"select-1\" data-default-value=\"one\" data-hidden-behavior=\"zero\" data-placeholder=\"Merci de choisir une option\" data-search=\"false\" data-search-placeholder=\"Merci de choisir une option\" data-checkbox=\"false\" data-allow-clear=\"false\" aria-labelledby=\"forminator-form-25993880__field--select-1_69ff03859d68f-label\"><option value=\"\"  >Merci de choisir une option<\/option><option value=\"one\" selected=\"selected\" data-calculation=\"0\">Demande G\u00e9n\u00e9rale<\/option><option value=\"two\"  data-calculation=\"0\">Demande de R\u00e9servation<\/option><option value=\"My-Reservation\"  data-calculation=\"0\">Ma R\u00e9servation<\/option><option value=\"Custom-Tours\"  data-calculation=\"0\">Tours Personnalis\u00e9s<\/option><option value=\"Business---Partnership\"  data-calculation=\"0\">Entreprise \/ Partenariat<\/option><option value=\"Other\"  data-calculation=\"0\">Autre<\/option><\/select><\/div><\/div><\/div><div class=\"forminator-row\"><div id=\"text-1\" class=\"forminator-field-text forminator-col forminator-col-12  reservationNumber-label\"><div class=\"forminator-field\"><label for=\"forminator-field-text-1_69ff03859d68f\" id=\"forminator-field-text-1_69ff03859d68f-label\" class=\"forminator-label\">Num\u00e9ro de R\u00e9servation<\/label><input type=\"text\" name=\"text-1\" value=\"\" placeholder=\"\" id=\"forminator-field-text-1_69ff03859d68f\" class=\"forminator-input forminator-name--field\" data-required=\"\" \/><\/div><\/div><\/div><div class=\"forminator-row\"><div id=\"text-2\" class=\"forminator-field-text forminator-col forminator-col-12  companyName-label\"><div class=\"forminator-field\"><label for=\"forminator-field-text-2_69ff03859d68f\" id=\"forminator-field-text-2_69ff03859d68f-label\" class=\"forminator-label\">Nom de l'entreprise<\/label><input type=\"text\" name=\"text-2\" value=\"\" placeholder=\"\" id=\"forminator-field-text-2_69ff03859d68f\" class=\"forminator-input forminator-name--field\" data-required=\"\" \/><\/div><\/div><\/div><div class=\"forminator-row\"><div id=\"phone-1\" class=\"forminator-field-phone forminator-col forminator-col-12  phoneNumber-label\"><div class=\"forminator-field\"><label for=\"forminator-field-phone-1_69ff03859d68f\" id=\"forminator-field-phone-1_69ff03859d68f-label\" class=\"forminator-label\">Num\u00e9ro de T\u00e9l\u00e9phone\/WhatsApp<\/label><input type=\"text\" name=\"phone-1\" value=\"\" placeholder=\"\" id=\"forminator-field-phone-1_69ff03859d68f\" class=\"forminator-input forminator-field--phone\" data-required=\"\" aria-required=\"false\" autocomplete=\"off\" data-national_mode=\"disabled\" data-country=\"US\" data-validation=\"international\" \/><\/div><\/div><\/div><div class=\"forminator-row\"><div id=\"textarea-1\" class=\"forminator-field-textarea forminator-col forminator-col-12  message-label\"><div class=\"forminator-field\"><label for=\"forminator-field-textarea-1_69ff03859d68f\" id=\"forminator-field-textarea-1_69ff03859d68f-label\" class=\"forminator-label\">Votre message ou question <span class=\"forminator-required\">*<\/span><\/label><textarea name=\"textarea-1\" placeholder=\"\" id=\"forminator-field-textarea-1_69ff03859d68f\" class=\"forminator-textarea\" rows=\"6\" style=\"--forminator-textarea-min-height:140px;\" ><\/textarea><\/div><\/div><\/div><input type=\"hidden\" name=\"referer_url\" value=\"\" \/><div class=\"forminator-row forminator-row-last\"><div class=\"forminator-col\"><div class=\"forminator-field\"><button class=\"forminator-button forminator-button-submit contact-submit-btn\">Soumettre<\/button><\/div><\/div><\/div><input type=\"hidden\" id=\"forminator_nonce\" name=\"forminator_nonce\" value=\"98642dc3dc\" \/><input type=\"hidden\" name=\"_wp_http_referer\" value=\"\/fr\/wp-json\/wp\/v2\/pages\/25993020\" \/><input type=\"hidden\" name=\"form_id\" value=\"25993880\"><input type=\"hidden\" name=\"page_id\" value=\"25993020\"><input type=\"hidden\" name=\"form_type\" value=\"default\"><input type=\"hidden\" name=\"current_url\" value=\"https:\/\/onelifetrips.com\/fr\/contact\/\"><input type=\"hidden\" name=\"render_id\" value=\"0\"><input type=\"hidden\" name=\"action\" value=\"forminator_submit_form_custom-forms\"><\/form><\/div><\/div><\/div><\/div><\/div><div class=\"et_pb_section_2 et_pb_section et_section_regular et_block_section\"><div class=\"et_pb_row_3 et_pb_row et_block_row\"><div class=\"et_pb_column_3 et_pb_column et_pb_column_4_4 et-last-child et_block_column et_pb_css_mix_blend_mode_passthrough\"><div class=\"et_pb_code_1 et_pb_code et_pb_module\"><\/div><\/div><\/div><\/div>\n","protected":false},"excerpt":{"rendered":"","protected":false},"author":1,"featured_media":0,"parent":0,"menu_order":0,"comment_status":"closed","ping_status":"closed","template":"","meta":{"_acf_changed":false,"footnotes":""},"difl_page_category":[],"class_list":["post-25993020","page","type-page","status-publish","hentry"],"acf":[],"_links":{"self":[{"href":"https:\/\/onelifetrips.com\/fr\/wp-json\/wp\/v2\/pages\/25993020","targetHints":{"allow":["GET"]}}],"collection":[{"href":"https:\/\/onelifetrips.com\/fr\/wp-json\/wp\/v2\/pages"}],"about":[{"href":"https:\/\/onelifetrips.com\/fr\/wp-json\/wp\/v2\/types\/page"}],"author":[{"embeddable":true,"href":"https:\/\/onelifetrips.com\/fr\/wp-json\/wp\/v2\/users\/1"}],"replies":[{"embeddable":true,"href":"https:\/\/onelifetrips.com\/fr\/wp-json\/wp\/v2\/comments?post=25993020"}],"version-history":[{"count":9,"href":"https:\/\/onelifetrips.com\/fr\/wp-json\/wp\/v2\/pages\/25993020\/revisions"}],"predecessor-version":[{"id":25994279,"href":"https:\/\/onelifetrips.com\/fr\/wp-json\/wp\/v2\/pages\/25993020\/revisions\/25994279"}],"wp:attachment":[{"href":"https:\/\/onelifetrips.com\/fr\/wp-json\/wp\/v2\/media?parent=25993020"}],"wp:term":[{"taxonomy":"difl_page_category","embeddable":true,"href":"https:\/\/onelifetrips.com\/fr\/wp-json\/wp\/v2\/difl_page_category?post=25993020"}],"curies":[{"name":"wp","href":"https:\/\/api.w.org\/{rel}","templated":true}]}}