{"id":25993118,"date":"2025-08-11T12:10:23","date_gmt":"2025-08-11T11:10:23","guid":{"rendered":"https:\/\/onelifetrips.com\/politique-de-confidentialite\/"},"modified":"2026-05-06T00:13:12","modified_gmt":"2026-05-05T23:13:12","slug":"politique-confidentialite","status":"publish","type":"page","link":"https:\/\/onelifetrips.com\/fr\/politique-confidentialite\/","title":{"rendered":"Politique de confidentialit\u00e9"},"content":{"rendered":"\n<div class=\"et_pb_section_0 et_pb_section et_section_regular et_block_section section_has_divider et_pb_bottom_divider\"><div class=\"et_pb_row_0 et_pb_row et_block_row\"><div class=\"et_pb_column_0 et_pb_column et_pb_column_4_4 et-last-child et_block_column et_pb_css_mix_blend_mode_passthrough\"><div class=\"et_pb_text_0 et_pb_text et_pb_bg_layout_light et_pb_module et_block_module\"><div class=\"et_pb_text_inner\"><h1 class=\"et_pb_module_header\">Politique de confidentialit\u00e9<\/h1>\n<\/div><\/div><\/div><\/div><div class=\"et_pb_bottom_inside_divider et-no-transition\"><\/div><\/div><div class=\"et_pb_section_1 et_pb_section et_section_regular et_block_section\"><div class=\"et_pb_row_1 et_pb_row et_block_row\"><div class=\"et_pb_column_1 et_pb_column et_pb_column_4_4 et-last-child et_block_column et_pb_css_mix_blend_mode_passthrough\"><div class=\"et_pb_text_1 et_pb_text et_pb_bg_layout_light et_pb_module et_block_module\"><div class=\"et_pb_text_inner\"><p>1. Introduction<\/p>\n<\/div><\/div><div class=\"et_pb_text_2 et_pb_text et_pb_bg_layout_light et_pb_module et_block_module\"><div class=\"et_pb_text_inner\"><p data-start=\"659\" data-end=\"684\">Chez One Life Trips (\u00ab nous \u00bb, \u00ab notre \u00bb, \u00ab nos \u00bb), nous respectons votre vie priv\u00e9e et nous nous engageons \u00e0 prot\u00e9ger vos informations personnelles. La pr\u00e9sente politique de confidentialit\u00e9 explique comment nous recueillons, utilisons et prot\u00e9geons vos donn\u00e9es lorsque vous consultez notre site web ou utilisez nos services. <\/p>\n<\/div><\/div><div class=\"et_pb_divider_0 et_pb_divider et_pb_space et_pb_divider_position_top et_pb_module\"><div class=\"et_pb_divider_internal\"><\/div><\/div><div class=\"et_pb_text_3 et_pb_text et_pb_bg_layout_light et_pb_module et_block_module\"><div class=\"et_pb_text_inner\"><p>2. Port\u00e9e de cette politique<\/p>\n<\/div><\/div><div class=\"et_pb_text_4 et_pb_text et_pb_bg_layout_light et_pb_module et_block_module\"><div class=\"et_pb_text_inner\"><p data-start=\"659\" data-end=\"684\">Cette politique s\u2019applique \u00e0 :<\/p>\n<ul data-start=\"685\" data-end=\"875\">\n<li data-start=\"685\" data-end=\"739\">\n<p data-start=\"687\" data-end=\"739\">Visiteurs consultant notre <a href=\"\/\">site web<\/a> <\/p>\n<\/li>\n<li data-start=\"740\" data-end=\"797\">\n<p data-start=\"742\" data-end=\"797\">Clients r\u00e9servant des circuits, des excursions ou des forfaits de voyage<\/p>\n<\/li>\n<li data-start=\"798\" data-end=\"875\">\n<p data-start=\"800\" data-end=\"875\">Personnes nous contactant pour des demandes de renseignements ou des demandes d\u2019informations.<\/p>\n<\/li>\n<\/ul>\n<\/div><\/div><div class=\"et_pb_divider_1 et_pb_divider et_pb_space et_pb_divider_position_top et_pb_module\"><div class=\"et_pb_divider_internal\"><\/div><\/div><div class=\"et_pb_text_5 et_pb_text et_pb_bg_layout_light et_pb_module et_block_module\"><div class=\"et_pb_text_inner\"><p>3. Informations que nous recueillons<\/p>\n<\/div><\/div><div class=\"et_pb_text_6 et_pb_text et_pb_bg_layout_light et_pb_module et_block_module\"><div class=\"et_pb_text_inner\"><p>Nous pouvons recueillir des informations personnelles telles que votre nom, vos coordonn\u00e9es, vos pr\u00e9f\u00e9rences de r\u00e9servation et toute exigence alimentaire ou d\u2019accessibilit\u00e9. Nous pouvons \u00e9galement recueillir des donn\u00e9es techniques limit\u00e9es, telles que votre adresse IP et votre activit\u00e9 de navigation, par le biais de cookies et d\u2019outils d\u2019analyse. Les informations de paiement sont trait\u00e9es en toute s\u00e9curit\u00e9 par notre prestataire de paiement de confiance et ne sont jamais stock\u00e9es par nous.  <\/p>\n<\/div><\/div><div class=\"et_pb_divider_2 et_pb_divider et_pb_space et_pb_divider_position_top et_pb_module\"><div class=\"et_pb_divider_internal\"><\/div><\/div><div class=\"et_pb_text_7 et_pb_text et_pb_bg_layout_light et_pb_module et_block_module\"><div class=\"et_pb_text_inner\"><p>4. Comment nous recueillons les informations<\/p>\n<\/div><\/div><div class=\"et_pb_text_8 et_pb_text et_pb_bg_layout_light et_pb_module et_block_module\"><div class=\"et_pb_text_inner\"><p>Nous recueillons des informations :<\/p>\n<ul>\n<li>Directement aupr\u00e8s de vous par le biais de formulaires de r\u00e9servation, de formulaires de demande de renseignements et de communications par courriel ou par t\u00e9l\u00e9phone.<\/li>\n<li>Automatiquement par le biais de cookies et d\u2019outils d\u2019analyse lorsque vous utilisez notre <a href=\"\/\">site web.<\/a><\/li>\n<li>Aupr\u00e8s de partenaires de voyage de confiance (tels que les agences de voyage en ligne) lorsque cela est n\u00e9cessaire pour finaliser votre r\u00e9servation.<\/li>\n<\/ul>\n<\/div><\/div><div class=\"et_pb_divider_3 et_pb_divider et_pb_space et_pb_divider_position_top et_pb_module\"><div class=\"et_pb_divider_internal\"><\/div><\/div><div class=\"et_pb_text_9 et_pb_text et_pb_bg_layout_light et_pb_module et_block_module\"><div class=\"et_pb_text_inner\"><p>5. <span style=\"font-weight: 400;\">Comment nous utilisons vos informations<\/span><\/p>\n<\/div><\/div><div class=\"et_pb_text_10 et_pb_text et_pb_bg_layout_light et_pb_module et_block_module\"><div class=\"et_pb_text_inner\"><p>Nous utilisons vos informations pour :<\/p>\n<ul>\n<li>Confirmer et g\u00e9rer vos r\u00e9servations.<\/li>\n<li>Organiser des services de voyage tels que le transport, l\u2019h\u00e9bergement et les visites guid\u00e9es.<\/li>\n<li>Fournir des recommandations personnalis\u00e9es et des conseils de voyage.<\/li>\n<li>Envoyer des confirmations de r\u00e9servation, des itin\u00e9raires et des mises \u00e0 jour importantes.<\/li>\n<li>R\u00e9pondre \u00e0 vos questions ou demandes.<\/li>\n<li>Respecter les exigences l\u00e9gales ou r\u00e9glementaires.<\/li>\n<\/ul>\n<\/div><\/div><div class=\"et_pb_divider_4 et_pb_divider et_pb_space et_pb_divider_position_top et_pb_module\"><div class=\"et_pb_divider_internal\"><\/div><\/div><div class=\"et_pb_text_11 et_pb_text et_pb_bg_layout_light et_pb_module et_block_module\"><div class=\"et_pb_text_inner\"><p>6. Comment nous partageons vos informations<\/p>\n<\/div><\/div><div class=\"et_pb_text_12 et_pb_text et_pb_bg_layout_light et_pb_module et_block_module\"><div class=\"et_pb_text_inner\"><p>Nous ne vendons pas vos donn\u00e9es personnelles. Nous ne les partageons que lorsque cela est n\u00e9cessaire pour fournir nos services, par exemple avec : <\/p>\n<ul>\n<li><span style=\"font-weight: 400;\">Des partenaires de voyage et des fournisseurs de services de confiance (par exemple, h\u00f4tels, soci\u00e9t\u00e9s de transport, guides touristiques) pour ex\u00e9cuter votre r\u00e9servation. <\/span><\/li>\n<li><span style=\"font-weight: 400;\">Des processeurs de paiement pour traiter les transactions s\u00e9curis\u00e9es. <\/span><\/li>\n<li><span style=\"font-weight: 400;\">Les autorit\u00e9s gouvernementales lorsque la loi l\u2019exige.<\/span><\/li>\n<\/ul>\n<\/div><\/div><div class=\"et_pb_divider_5 et_pb_divider et_pb_space et_pb_divider_position_top et_pb_module\"><div class=\"et_pb_divider_internal\"><\/div><\/div><div class=\"et_pb_text_13 et_pb_text et_pb_bg_layout_light et_pb_module et_block_module\"><div class=\"et_pb_text_inner\"><p>7. S\u00e9curit\u00e9 et conservation des donn\u00e9es<\/p>\n<\/div><\/div><div class=\"et_pb_text_14 et_pb_text et_pb_bg_layout_light et_pb_module et_block_module\"><div class=\"et_pb_text_inner\"><p>Nous prot\u00e9geons vos informations avec des serveurs s\u00e9curis\u00e9s, le cryptage et un acc\u00e8s restreint. Nous conservons vos donn\u00e9es uniquement aussi longtemps que n\u00e9cessaire aux fins d\u00e9crites dans la pr\u00e9sente politique ou tel que requis par la loi. <\/p>\n<\/div><\/div><div class=\"et_pb_divider_6 et_pb_divider et_pb_space et_pb_divider_position_top et_pb_module\"><div class=\"et_pb_divider_internal\"><\/div><\/div><div class=\"et_pb_text_15 et_pb_text et_pb_bg_layout_light et_pb_module et_block_module\"><div class=\"et_pb_text_inner\"><p>8. Vos droits<\/p>\n<\/div><\/div><div class=\"et_pb_text_16 et_pb_text et_pb_bg_layout_light et_pb_module et_block_module\"><div class=\"et_pb_text_inner\"><p>Selon votre emplacement, vous pouvez avoir le droit de :<\/p>\n<ul>\n<li>Acc\u00e9der, mettre \u00e0 jour ou supprimer les donn\u00e9es personnelles que nous d\u00e9tenons \u00e0 votre sujet.<\/li>\n<li>Retirer votre consentement aux communications marketing.<\/li>\n<li>Demander une copie de vos donn\u00e9es personnelles.<\/li>\n<\/ul>\n<p>Pour exercer vos droits, contactez-nous \u00e0 l\u2019adresse suivante : <a href=\"mailto:guests@onelifetrips.com\">guests@onelifetrips.com<\/a>.<\/p>\n<\/div><\/div><div class=\"et_pb_divider_7 et_pb_divider et_pb_space et_pb_divider_position_top et_pb_module\"><div class=\"et_pb_divider_internal\"><\/div><\/div><div class=\"et_pb_text_17 et_pb_text et_pb_bg_layout_light et_pb_module et_block_module\"><div class=\"et_pb_text_inner\"><p>9. Cookies et suivi<\/p>\n<\/div><\/div><div class=\"et_pb_text_18 et_pb_text et_pb_bg_layout_light et_pb_module et_block_module\"><div class=\"et_pb_text_inner\"><p>Notre site web utilise des cookies pour :<\/p>\n<ul>\n<li>Am\u00e9liorer votre exp\u00e9rience de navigation.<\/li>\n<li>Analyser le trafic du site.<\/li>\n<li>Fournir des offres pertinentes. <\/li>\n<\/ul>\n<\/div><\/div><div class=\"et_pb_divider_8 et_pb_divider et_pb_space et_pb_divider_position_top et_pb_module\"><div class=\"et_pb_divider_internal\"><\/div><\/div><div class=\"et_pb_text_19 et_pb_text et_pb_bg_layout_light et_pb_module et_block_module\"><div class=\"et_pb_text_inner\"><p>10. Contactez-nous<\/p>\n<\/div><\/div><div class=\"et_pb_text_20 et_pb_text et_pb_bg_layout_light et_pb_module et_block_module\"><div class=\"et_pb_text_inner\"><p>Si vous avez des questions concernant cette politique de confidentialit\u00e9, veuillez contacter :<br \/>\n<strong data-start=\"3115\" data-end=\"3125\">Courriel :<\/strong> <a href=\"mailto:guests@onelifetrips.com\">guests@onelifetrips.com<\/a><br data-start=\"3142\" data-end=\"3145\"><strong data-start=\"3145\" data-end=\"3155\">T\u00e9l\u00e9phone\/WhatsApp :<\/strong> <a href=\"tel:+212%20611-300-570\">+212 611-300-570<\/a><\/p>\n<\/div><\/div><div class=\"et_pb_divider_9 et_pb_divider et_pb_space et_pb_divider_position_top et_pb_module\"><div class=\"et_pb_divider_internal\"><\/div><\/div><\/div><\/div><\/div>\n","protected":false},"excerpt":{"rendered":"","protected":false},"author":1,"featured_media":0,"parent":0,"menu_order":0,"comment_status":"closed","ping_status":"closed","template":"","meta":{"_acf_changed":false,"footnotes":""},"difl_page_category":[],"class_list":["post-25993118","page","type-page","status-publish","hentry"],"acf":[],"_links":{"self":[{"href":"https:\/\/onelifetrips.com\/fr\/wp-json\/wp\/v2\/pages\/25993118","targetHints":{"allow":["GET"]}}],"collection":[{"href":"https:\/\/onelifetrips.com\/fr\/wp-json\/wp\/v2\/pages"}],"about":[{"href":"https:\/\/onelifetrips.com\/fr\/wp-json\/wp\/v2\/types\/page"}],"author":[{"embeddable":true,"href":"https:\/\/onelifetrips.com\/fr\/wp-json\/wp\/v2\/users\/1"}],"replies":[{"embeddable":true,"href":"https:\/\/onelifetrips.com\/fr\/wp-json\/wp\/v2\/comments?post=25993118"}],"version-history":[{"count":0,"href":"https:\/\/onelifetrips.com\/fr\/wp-json\/wp\/v2\/pages\/25993118\/revisions"}],"wp:attachment":[{"href":"https:\/\/onelifetrips.com\/fr\/wp-json\/wp\/v2\/media?parent=25993118"}],"wp:term":[{"taxonomy":"difl_page_category","embeddable":true,"href":"https:\/\/onelifetrips.com\/fr\/wp-json\/wp\/v2\/difl_page_category?post=25993118"}],"curies":[{"name":"wp","href":"https:\/\/api.w.org\/{rel}","templated":true}]}}